{"id":149,"date":"2014-05-13T12:32:15","date_gmt":"2014-05-13T15:32:15","guid":{"rendered":"http:\/\/sites.usp.brpadrao2\/?page_id=149"},"modified":"2025-11-17T15:49:52","modified_gmt":"2025-11-17T18:49:52","slug":"contatos","status":"publish","type":"page","link":"https:\/\/servicos.sti.usp.br\/en\/contato\/contatos\/","title":{"rendered":"Who we are"},"content":{"rendered":"<p><strong>Superintendente<\/strong><\/p>\n<p>Prof. Dr. Jo\u00e3o Eduardo Ferreira<\/p>\n<p>\u00a0<\/p>\n<p><strong>Assistentes<\/strong><\/p>\n<p>Prof. Dr. Alu\u00edsio Augusto Cotrim Segurado<\/p>\n<p>Prof. Dr. Arnaldo Mandel<\/p>\n<p>Prof. Dr. Carlos Ant\u00f4nio Ruggiero<\/p>\n<p>Prof. Dr. Jun Okamoto Junior<\/p>\n<p>\u00a0<\/p>\n<p><strong>Assessores<\/strong><\/p>\n<p>Alberto Camilli<\/p>\n<p>Luis Carlos Moreira Gomes<\/p>\n<p>Jairo Carlos Filho<\/p>\n<p>Silvio Fernandes de Paula<\/p>\n<p>\u00a0<\/p>\n<p><strong>Secretaria<\/strong><\/p>\n<p>C\u00e9lia Aparecida da Silva M\u00f3dolo<\/p>\n<p>M\u00e1rcia Martins<\/p>\n<p>Maria de F\u00e1tima Carvalho Rodrigues Ramos<\/p>\n<p>Valdete Bispo Teixeira Garcei<\/p>\n<p>\u00a0<\/p>\n<p><strong>Equipe de Atendimento<\/strong><\/p>\n<p>Contato: (11) 3091-6400<\/p>\n<p>Adonai Antonio Addono Junior<\/p>\n<p>Cec\u00edlia de Paula<\/p>\n<p>Cristiane Roberta de Santana<\/p>\n<p>Daniel Gomes da Lapa Junior<\/p>\n<p>Edson Kenji Kanashiro<\/p>\n<p>Elizabeth Pilat<\/p>\n<p>Fernando Tadeu de Moraes<\/p>\n<p>Leonardo Rodrigues<\/p>\n<p>Marilda Tavares Pierani<\/p>\n<p>Maria Isabel Teixeira das Chagas<\/p>\n<p>Maria Helena Yoshida<\/p>\n<p>Rosemary Miryam Martin Nowak<\/p>\n<p>Sandra Lucia Santos Amorim Silva<\/p>","protected":false},"excerpt":{"rendered":"<p>Superintendente Prof. Dr. Jo\u00e3o Eduardo Ferreira \u00a0 Assistentes Prof. Dr. Alu\u00edsio Augusto Cotrim Segurado Prof. Dr. Arnaldo Mandel Prof. Dr. Carlos Ant\u00f4nio Ruggiero Prof. Dr. Jun Okamoto Junior \u00a0 Assessores Alberto Camilli Luis Carlos Moreira Gomes Jairo Carlos Filho Silvio Fernandes de Paula \u00a0 Secretaria C\u00e9lia Aparecida da Silva M\u00f3dolo M\u00e1rcia Martins Maria de F\u00e1tima Carvalho Rodrigues Ramos Valdete Bispo Teixeira Garcei \u00a0 Equipe de Atendimento Contato: (11) 3091-6400 Adonai Antonio Addono Junior Cec\u00edlia de Paula Cristiane Roberta de Santana Daniel Gomes da Lapa Junior Edson Kenji Kanashiro Elizabeth Pilat Fernando Tadeu de Moraes Leonardo Rodrigues Marilda Tavares Pierani Maria Isabel Teixeira das Chagas Maria Helena Yoshida Rosemary Miryam Martin Nowak Sandra Lucia Santos Amorim Silva<\/p>\n","protected":false},"author":1,"featured_media":0,"parent":115,"menu_order":0,"comment_status":"closed","ping_status":"closed","template":"","meta":{"footnotes":"","_links_to":"","_links_to_target":""},"class_list":["post-149","page","type-page","status-publish","hentry"],"_links":{"self":[{"href":"https:\/\/servicos.sti.usp.br\/en\/wp-json\/wp\/v2\/pages\/149","targetHints":{"allow":["GET"]}}],"collection":[{"href":"https:\/\/servicos.sti.usp.br\/en\/wp-json\/wp\/v2\/pages"}],"about":[{"href":"https:\/\/servicos.sti.usp.br\/en\/wp-json\/wp\/v2\/types\/page"}],"author":[{"embeddable":true,"href":"https:\/\/servicos.sti.usp.br\/en\/wp-json\/wp\/v2\/users\/1"}],"replies":[{"embeddable":true,"href":"https:\/\/servicos.sti.usp.br\/en\/wp-json\/wp\/v2\/comments?post=149"}],"version-history":[{"count":5,"href":"https:\/\/servicos.sti.usp.br\/en\/wp-json\/wp\/v2\/pages\/149\/revisions"}],"predecessor-version":[{"id":5586,"href":"https:\/\/servicos.sti.usp.br\/en\/wp-json\/wp\/v2\/pages\/149\/revisions\/5586"}],"up":[{"embeddable":true,"href":"https:\/\/servicos.sti.usp.br\/en\/wp-json\/wp\/v2\/pages\/115"}],"wp:attachment":[{"href":"https:\/\/servicos.sti.usp.br\/en\/wp-json\/wp\/v2\/media?parent=149"}],"curies":[{"name":"wp","href":"https:\/\/api.w.org\/{rel}","templated":true}]}}