{"id":165,"date":"2014-05-13T12:36:29","date_gmt":"2014-05-13T15:36:29","guid":{"rendered":"http:\/\/sites.usp.brpadrao2\/?page_id=165"},"modified":"2025-11-17T16:04:23","modified_gmt":"2025-11-17T19:04:23","slug":"fale-conosco","status":"publish","type":"page","link":"https:\/\/servicos.sti.usp.br\/en\/contato\/fale-conosco\/","title":{"rendered":"Fale conosco"},"content":{"rendered":"<p>Av Prof Luciano Gualberto, travessa 3, n. 71<br \/>\n05508-010 S\u00e3o Paulo SP Brasil<br \/>\nTelefones:<\/p>\n<p>Atendimento: +55(11)3091-6400<\/p>\n<p>Superintend\u00eancia: +55(11) 3091-6328<\/p>\n<p><strong style=\"color: #ff6600\">Envie uma mensagem<\/strong><\/p>\n<p>\n<div class=\"wpcf7 no-js\" id=\"wpcf7-f117-o1\" lang=\"pt-BR\" dir=\"ltr\" data-wpcf7-id=\"117\">\n<div class=\"screen-reader-response\"><p role=\"status\" aria-live=\"polite\" aria-atomic=\"true\"><\/p> <ul><\/ul><\/div>\n<form action=\"\/en\/wp-json\/wp\/v2\/pages\/165#wpcf7-f117-o1\" method=\"post\" class=\"wpcf7-form init\" aria-label=\"Formul\u00e1rios de contato\" novalidate=\"novalidate\" data-status=\"init\">\n<fieldset class=\"hidden-fields-container\"><input type=\"hidden\" name=\"_wpcf7\" value=\"117\" \/><input type=\"hidden\" name=\"_wpcf7_version\" value=\"6.1.5\" \/><input type=\"hidden\" name=\"_wpcf7_locale\" value=\"pt_BR\" \/><input type=\"hidden\" name=\"_wpcf7_unit_tag\" value=\"wpcf7-f117-o1\" \/><input type=\"hidden\" name=\"_wpcf7_container_post\" value=\"0\" \/><input type=\"hidden\" name=\"_wpcf7_posted_data_hash\" value=\"\" \/>\n<\/fieldset>\n<p>Seu nome (obrigat\u00f3rio)\n<\/p>\n<p><span class=\"wpcf7-form-control-wrap\" data-name=\"your-name\"><input size=\"40\" maxlength=\"400\" class=\"wpcf7-form-control wpcf7-text wpcf7-validates-as-required\" aria-required=\"true\" aria-invalid=\"false\" value=\"\" type=\"text\" name=\"your-name\" \/><\/span>\n<\/p>\n<p>E-mail de contato que voc\u00ea tem acesso (obrigat\u00f3rio)\n<\/p>\n<p><span class=\"wpcf7-form-control-wrap\" data-name=\"your-email\"><input size=\"40\" maxlength=\"400\" class=\"wpcf7-form-control wpcf7-email wpcf7-validates-as-required wpcf7-text wpcf7-validates-as-email\" aria-required=\"true\" aria-invalid=\"false\" value=\"\" type=\"email\" name=\"your-email\" \/><\/span>\n<\/p>\n<p>Assunto\n<\/p>\n<p><span class=\"wpcf7-form-control-wrap\" data-name=\"your-subject\"><input size=\"40\" maxlength=\"400\" class=\"wpcf7-form-control wpcf7-text\" aria-invalid=\"false\" value=\"\" type=\"text\" name=\"your-subject\" \/><\/span>\n<\/p>\n<p>Sua mensagem\n<\/p>\n<p><span class=\"wpcf7-form-control-wrap\" data-name=\"your-message\"><textarea cols=\"40\" rows=\"10\" maxlength=\"2000\" class=\"wpcf7-form-control wpcf7-textarea\" aria-invalid=\"false\" name=\"your-message\"><\/textarea><\/span>\n<\/p>\n<p><strong>Warning:<\/strong> The <a href=\"https:\/\/wordpress.org\/plugins\/really-simple-captcha\/\">Really Simple CAPTCHA<\/a> plugin is not active.<span class=\"wpcf7-form-control-wrap\" data-name=\"captcha-186\"><input size=\"40\" class=\"wpcf7-form-control wpcf7-captchar\" autocomplete=\"off\" aria-invalid=\"false\" value=\"\" type=\"text\" name=\"captcha-186\" \/><\/span>\n<\/p>\n<p><input class=\"wpcf7-form-control wpcf7-submit has-spinner\" type=\"submit\" value=\"Enviar\" \/>\n<\/p><div class=\"wpcf7-response-output\" aria-hidden=\"true\"><\/div>\n<\/form>\n<\/div>\n.<\/p>","protected":false},"excerpt":{"rendered":"<p>Av Prof Luciano Gualberto, travessa 3, n. 71 05508-010 S\u00e3o Paulo SP Brasil Telefones: Atendimento: +55(11)3091-6400 Superintend\u00eancia: +55(11) 3091-6328 Envie uma mensagem Seu nome (obrigat\u00f3rio) E-mail de contato que voc\u00ea tem acesso (obrigat\u00f3rio) Assunto Sua mensagem Warning: The Really Simple CAPTCHA plugin is not active. .<\/p>\n","protected":false},"author":1,"featured_media":0,"parent":115,"menu_order":0,"comment_status":"closed","ping_status":"closed","template":"","meta":{"footnotes":"","_links_to":"","_links_to_target":""},"class_list":["post-165","page","type-page","status-publish","hentry"],"_links":{"self":[{"href":"https:\/\/servicos.sti.usp.br\/en\/wp-json\/wp\/v2\/pages\/165","targetHints":{"allow":["GET"]}}],"collection":[{"href":"https:\/\/servicos.sti.usp.br\/en\/wp-json\/wp\/v2\/pages"}],"about":[{"href":"https:\/\/servicos.sti.usp.br\/en\/wp-json\/wp\/v2\/types\/page"}],"author":[{"embeddable":true,"href":"https:\/\/servicos.sti.usp.br\/en\/wp-json\/wp\/v2\/users\/1"}],"replies":[{"embeddable":true,"href":"https:\/\/servicos.sti.usp.br\/en\/wp-json\/wp\/v2\/comments?post=165"}],"version-history":[{"count":4,"href":"https:\/\/servicos.sti.usp.br\/en\/wp-json\/wp\/v2\/pages\/165\/revisions"}],"predecessor-version":[{"id":5588,"href":"https:\/\/servicos.sti.usp.br\/en\/wp-json\/wp\/v2\/pages\/165\/revisions\/5588"}],"up":[{"embeddable":true,"href":"https:\/\/servicos.sti.usp.br\/en\/wp-json\/wp\/v2\/pages\/115"}],"wp:attachment":[{"href":"https:\/\/servicos.sti.usp.br\/en\/wp-json\/wp\/v2\/media?parent=165"}],"curies":[{"name":"wp","href":"https:\/\/api.w.org\/{rel}","templated":true}]}}