{"id":552,"date":"2015-02-09T17:00:37","date_gmt":"2015-02-09T19:00:37","guid":{"rendered":"http:\/\/sites.usp.br\/sti\/?page_id=552"},"modified":"2019-06-28T19:09:12","modified_gmt":"2019-06-28T22:09:12","slug":"creditos","status":"publish","type":"page","link":"https:\/\/servicos.sti.usp.br\/en\/creditos\/","title":{"rendered":"Cr\u00e9ditos"},"content":{"rendered":"<p><\/p>\n<h2>Universidade de S\u00e3o Paulo<\/h2>\n<p><strong>Reitor<\/strong>: Marco Antonio Zago<br \/>\n<strong>Vice-reitor<\/strong>: Vahan Agopyan<\/p>\n<h3><\/h3>\n<h3>Superintend\u00eancia de Tecnologia da Informa\u00e7\u00e3o<\/h3>\n<p><strong>Superintendente<\/strong>: Prof. Dr. Jo\u00e3o Eduardo Ferreira<\/p>\n<h3><\/h3>\n<h4><span style=\"font-size: 1.17em\">Equipe T\u00e9cnica<\/span><\/h4>\n<h4>Design<\/h4>\n<p>Superintend\u00eancia de Comunica\u00e7\u00e3o Social<\/p>\n<h4><strong>Equipe<\/strong>:<\/h4>\n<p>\u00a0<\/p>\n<h4>Agradecimentos<\/h4>\n<p><a href=\"http:\/\/www.scs.usp.br\/\" target=\"_blank\">Superintend\u00eancia de Comunica\u00e7\u00e3o Social<\/a><\/p>\n<p>Fotos:\u00a0<a href=\"http:\/\/www.imagens.usp.br\/\" target=\"_blank\">Imagens USP<\/a><\/p>\n<p>\u00cdcones:\u00a0<a href=\"http:\/\/dakirby309.deviantart.com\/art\/Metro-Uinvert-Dock-Icon-Set-725-Icons-294529071\" target=\"_blank\">Metro Uinvert Doc Icon Set<\/a>\u00a0de\u00a0<a href=\"http:\/\/dakirby309.deviantart.com\/\" target=\"_blank\">Michael \u201cdAKirby309\u2033<\/a><\/p>","protected":false},"excerpt":{"rendered":"<p>Universidade de S\u00e3o Paulo Reitor: Marco Antonio Zago Vice-reitor: Vahan Agopyan Superintend\u00eancia de Tecnologia da Informa\u00e7\u00e3o Superintendente: Prof. Dr. Jo\u00e3o Eduardo Ferreira Equipe T\u00e9cnica Design Superintend\u00eancia de Comunica\u00e7\u00e3o Social Equipe: \u00a0 Agradecimentos Superintend\u00eancia de Comunica\u00e7\u00e3o Social Fotos:\u00a0Imagens USP \u00cdcones:\u00a0Metro Uinvert Doc Icon Set\u00a0de\u00a0Michael \u201cdAKirby309\u2033<\/p>\n","protected":false},"author":79,"featured_media":0,"parent":0,"menu_order":0,"comment_status":"closed","ping_status":"closed","template":"","meta":{"footnotes":"","_links_to":"","_links_to_target":""},"class_list":["post-552","page","type-page","status-publish","hentry"],"_links":{"self":[{"href":"https:\/\/servicos.sti.usp.br\/en\/wp-json\/wp\/v2\/pages\/552","targetHints":{"allow":["GET"]}}],"collection":[{"href":"https:\/\/servicos.sti.usp.br\/en\/wp-json\/wp\/v2\/pages"}],"about":[{"href":"https:\/\/servicos.sti.usp.br\/en\/wp-json\/wp\/v2\/types\/page"}],"author":[{"embeddable":true,"href":"https:\/\/servicos.sti.usp.br\/en\/wp-json\/wp\/v2\/users\/79"}],"replies":[{"embeddable":true,"href":"https:\/\/servicos.sti.usp.br\/en\/wp-json\/wp\/v2\/comments?post=552"}],"version-history":[{"count":4,"href":"https:\/\/servicos.sti.usp.br\/en\/wp-json\/wp\/v2\/pages\/552\/revisions"}],"predecessor-version":[{"id":4866,"href":"https:\/\/servicos.sti.usp.br\/en\/wp-json\/wp\/v2\/pages\/552\/revisions\/4866"}],"wp:attachment":[{"href":"https:\/\/servicos.sti.usp.br\/en\/wp-json\/wp\/v2\/media?parent=552"}],"curies":[{"name":"wp","href":"https:\/\/api.w.org\/{rel}","templated":true}]}}